{"id":58,"date":"2018-08-28T23:03:30","date_gmt":"2018-08-29T02:03:30","guid":{"rendered":"https:\/\/rrgconsultores.com.br\/?page_id=58"},"modified":"2018-09-07T15:14:16","modified_gmt":"2018-09-07T18:14:16","slug":"sobre","status":"publish","type":"page","link":"https:\/\/rrgconsultores.com.br\/index.php\/sobre\/","title":{"rendered":"Sobre"},"content":{"rendered":"<p><strong>RRG CONSULTORES:<\/strong><\/p>\n<p>Somos uma equipe de consultores especializados em Gest\u00e3o nas atividades de Engenharia, Administra\u00e7\u00e3o, Financeira, An\u00e1lise de Dados, Qualidade.<\/p>\n<p>Nos associamos no projeto <strong>RRG CONSULTORES<\/strong>, para buscar melhores resultados e maiores rendimentos na consultoria oferecida.<\/p>\n<p>Contando com um grande volume de cases de sucesso em nossas a\u00e7\u00f5es dentro das empresas que assessoramos, trabalhos executados em todos os setores das organiza\u00e7\u00f5es, fundamentalmente nos departamentos Almoxarifado, Comercial, Compras, Engenharia, Financeiro, Produ\u00e7\u00e3o, Qualidade e TI.<\/p>\n<p>Possu\u00edmos uma <strong>larga experi\u00eancia<\/strong> no atendimento em <strong>v\u00e1rias organiza\u00e7\u00f5es<\/strong> de diversos tipos nos segmentos Alimenta\u00e7\u00e3o, Automobil\u00edsticos, Equipamentos, Ferramentaria, Restaurantes, Transportes<\/p>\n<p>Temos o Know how de diversas organiza\u00e7\u00f5es atendidas, como:<\/p>\n<p>&nbsp;<\/p>\n<table style=\"height: 284px;\" width=\"823\">\n<tbody>\n<tr>\n<td>\n<ul>\n<li>Empresas Fabricantes de:\n<ul>\n<li>Produtos Finais;<\/li>\n<li>Mat\u00e9rias Primas;<\/li>\n<li>Equipamentos;<\/li>\n<\/ul>\n<\/li>\n<li>Empresas Servi\u00e7os de:\n<ul>\n<li>Manuten\u00e7\u00e3o;<\/li>\n<li>Desenvolvimento de Produtos;<\/li>\n<\/ul>\n<\/li>\n<li>Atendimento ao Publico de:\n<ul>\n<li>Atendimento Geral;<\/li>\n<li>Restaurantes;<\/li>\n<\/ul>\n<\/li>\n<\/ul>\n<\/td>\n<td>\u00a0<img loading=\"lazy\" class=\"alignnone wp-image-116\" src=\"https:\/\/rrgconsultores.com.br\/wp-content\/uploads\/2018\/08\/images.jpg\" alt=\"\" width=\"427\" height=\"240\" \/><\/td>\n<\/tr>\n<\/tbody>\n<\/table>\n<p>&nbsp;<\/p>\n","protected":false},"excerpt":{"rendered":"<p>RRG CONSULTORES: Somos uma equipe de consultores especializados em Gest\u00e3o nas atividades de Engenharia, Administra\u00e7\u00e3o, Financeira, An\u00e1lise de Dados, Qualidade. Nos associamos no projeto RRG CONSULTORES, para buscar melhores resultados e maiores rendimentos na consultoria oferecida. Contando com um grande volume de cases de sucesso em nossas a\u00e7\u00f5es dentro das empresas que assessoramos, trabalhos executados [&hellip;]<\/p>\n","protected":false},"author":1,"featured_media":116,"parent":0,"menu_order":0,"comment_status":"closed","ping_status":"closed","template":"","meta":[],"_links":{"self":[{"href":"https:\/\/rrgconsultores.com.br\/index.php\/wp-json\/wp\/v2\/pages\/58"}],"collection":[{"href":"https:\/\/rrgconsultores.com.br\/index.php\/wp-json\/wp\/v2\/pages"}],"about":[{"href":"https:\/\/rrgconsultores.com.br\/index.php\/wp-json\/wp\/v2\/types\/page"}],"author":[{"embeddable":true,"href":"https:\/\/rrgconsultores.com.br\/index.php\/wp-json\/wp\/v2\/users\/1"}],"replies":[{"embeddable":true,"href":"https:\/\/rrgconsultores.com.br\/index.php\/wp-json\/wp\/v2\/comments?post=58"}],"version-history":[{"count":6,"href":"https:\/\/rrgconsultores.com.br\/index.php\/wp-json\/wp\/v2\/pages\/58\/revisions"}],"predecessor-version":[{"id":211,"href":"https:\/\/rrgconsultores.com.br\/index.php\/wp-json\/wp\/v2\/pages\/58\/revisions\/211"}],"wp:featuredmedia":[{"embeddable":true,"href":"https:\/\/rrgconsultores.com.br\/index.php\/wp-json\/wp\/v2\/media\/116"}],"wp:attachment":[{"href":"https:\/\/rrgconsultores.com.br\/index.php\/wp-json\/wp\/v2\/media?parent=58"}],"curies":[{"name":"wp","href":"https:\/\/api.w.org\/{rel}","templated":true}]}}