{"id":2,"date":"2018-08-28T19:19:19","date_gmt":"2018-08-28T22:19:19","guid":{"rendered":"https:\/\/rrgconsultores.com.br\/?page_id=2"},"modified":"2018-09-08T20:06:15","modified_gmt":"2018-09-08T23:06:15","slug":"servicos","status":"publish","type":"page","link":"https:\/\/rrgconsultores.com.br\/index.php\/servicos\/","title":{"rendered":"Servi\u00e7os"},"content":{"rendered":"<h1 style=\"text-align: center;\"><strong>Servi\u00e7os para sua organiza\u00e7\u00e3o<\/strong><\/h1>\n<p style=\"text-align: center;\">Temos a solu\u00e7\u00e3o ideal para sua organiza\u00e7\u00e3o, atrav\u00e9s da metodologia PDCA aliada \u00e0 gest\u00e3o Administrativo e de Processos<\/p>\n<blockquote><p><a href=\"\/servicos\/gestao-de-resultados\/\">Gest\u00e3o de Resultados<\/a><br \/>\nDesenvolvimento e utiliza\u00e7\u00e3o de instrumentos adequados de gerenciamento para sua organiza\u00e7\u00e3o.<\/p><\/blockquote>\n<blockquote><p><a href=\"\/index.php\/sistema-de-qualidade\/\">Sistema de Qualidade<\/a><br \/>\nModelo de gest\u00e3o da qualidade para organiza\u00e7\u00f5es em geral, qualquer que seja o seu tipo ou dimens\u00e3o.<\/p><\/blockquote>\n<blockquote><p>Desenvolvimento Software<br \/>\nPequenas solu\u00e7\u00f5es corporativas, para melhores processos, visualiza\u00e7\u00f5es e resultados da empresa.<\/p><\/blockquote>\n<blockquote><p>Plano de Metas &#8211; INDICADORES<br \/>\nDesenvolva seu plano de metas, indicadores financeiros, indicadores da qualidade na busca de melhoria cont\u00ednua.<\/p><\/blockquote>\n<p>Preencha o <a href=\"https:\/\/rrgconsultores.com.br\/index.php\/contato\/\">formul\u00e1rio de contato<\/a> e receba nossa visita com as melhores solu\u00e7\u00f5es para sua organiza\u00e7\u00e3o.<\/p>\n","protected":false},"excerpt":{"rendered":"<p>Servi\u00e7os para sua organiza\u00e7\u00e3o Temos a solu\u00e7\u00e3o ideal para sua organiza\u00e7\u00e3o, atrav\u00e9s da metodologia PDCA aliada \u00e0 gest\u00e3o Administrativo e de Processos Gest\u00e3o de Resultados Desenvolvimento e utiliza\u00e7\u00e3o de instrumentos adequados de gerenciamento para sua organiza\u00e7\u00e3o. Sistema de Qualidade Modelo de gest\u00e3o da qualidade para organiza\u00e7\u00f5es em geral, qualquer que seja o seu tipo ou [&hellip;]<\/p>\n","protected":false},"author":1,"featured_media":0,"parent":0,"menu_order":0,"comment_status":"closed","ping_status":"closed","template":"Page-fullwidth.php","meta":[],"_links":{"self":[{"href":"https:\/\/rrgconsultores.com.br\/index.php\/wp-json\/wp\/v2\/pages\/2"}],"collection":[{"href":"https:\/\/rrgconsultores.com.br\/index.php\/wp-json\/wp\/v2\/pages"}],"about":[{"href":"https:\/\/rrgconsultores.com.br\/index.php\/wp-json\/wp\/v2\/types\/page"}],"author":[{"embeddable":true,"href":"https:\/\/rrgconsultores.com.br\/index.php\/wp-json\/wp\/v2\/users\/1"}],"replies":[{"embeddable":true,"href":"https:\/\/rrgconsultores.com.br\/index.php\/wp-json\/wp\/v2\/comments?post=2"}],"version-history":[{"count":11,"href":"https:\/\/rrgconsultores.com.br\/index.php\/wp-json\/wp\/v2\/pages\/2\/revisions"}],"predecessor-version":[{"id":248,"href":"https:\/\/rrgconsultores.com.br\/index.php\/wp-json\/wp\/v2\/pages\/2\/revisions\/248"}],"wp:attachment":[{"href":"https:\/\/rrgconsultores.com.br\/index.php\/wp-json\/wp\/v2\/media?parent=2"}],"curies":[{"name":"wp","href":"https:\/\/api.w.org\/{rel}","templated":true}]}}