{"id":187,"date":"2018-09-04T12:20:25","date_gmt":"2018-09-04T15:20:25","guid":{"rendered":"https:\/\/rrgconsultores.com.br\/?page_id=187"},"modified":"2018-09-06T15:31:43","modified_gmt":"2018-09-06T18:31:43","slug":"gestao-de-resultados","status":"publish","type":"page","link":"https:\/\/rrgconsultores.com.br\/index.php\/servicos\/gestao-de-resultados\/","title":{"rendered":"GEST\u00c3O DE RESULTADOS"},"content":{"rendered":"\t\t<div class=\"elementor elementor-187\">\n\t\t\t<div class=\"elementor-inner\">\n\t\t\t\t<div class=\"elementor-section-wrap\">\n\t\t\t\t\t\t\t<section data-id=\"bc72388\" class=\"elementor-element elementor-element-bc72388 elementor-section-boxed elementor-section-height-default elementor-section-height-default elementor-section elementor-top-section\" data-element_type=\"section\">\n\t\t\t\t\t\t<div class=\"elementor-container elementor-column-gap-default\">\n\t\t\t\t<div class=\"elementor-row\">\n\t\t\t\t<div data-id=\"2a4facf\" class=\"elementor-element elementor-element-2a4facf elementor-column elementor-col-100 elementor-top-column\" data-element_type=\"column\">\n\t\t\t<div class=\"elementor-column-wrap elementor-element-populated\">\n\t\t\t\t\t<div class=\"elementor-widget-wrap\">\n\t\t\t\t<div data-id=\"a4fa5a7\" class=\"elementor-element elementor-element-a4fa5a7 elementor-widget elementor-widget-heading\" data-element_type=\"heading.default\">\n\t\t\t\t<div class=\"elementor-widget-container\">\n\t\t\t<h3 class=\"elementor-heading-title elementor-size-default\">QUAIS RESULTADOS ESPERAMOS DO NEGOCIO?<\/h3>\t\t<\/div>\n\t\t\t\t<\/div>\n\t\t\t\t\t\t<\/div>\n\t\t\t<\/div>\n\t\t<\/div>\n\t\t\t\t\t\t<\/div>\n\t\t\t<\/div>\n\t\t<\/section>\n\t\t\t\t<section data-id=\"403c53d\" class=\"elementor-element elementor-element-403c53d elementor-section-boxed elementor-section-height-default elementor-section-height-default elementor-section elementor-top-section\" data-element_type=\"section\">\n\t\t\t\t\t\t<div class=\"elementor-container elementor-column-gap-default\">\n\t\t\t\t<div class=\"elementor-row\">\n\t\t\t\t<div data-id=\"cdcb771\" class=\"elementor-element elementor-element-cdcb771 elementor-column elementor-col-100 elementor-top-column\" data-element_type=\"column\">\n\t\t\t<div class=\"elementor-column-wrap elementor-element-populated\">\n\t\t\t\t\t<div class=\"elementor-widget-wrap\">\n\t\t\t\t<div data-id=\"ce16f75\" class=\"elementor-element elementor-element-ce16f75 elementor-widget elementor-widget-image-carousel\" data-settings=\"{&quot;slides_to_scroll&quot;:&quot;1&quot;,&quot;navigation&quot;:&quot;both&quot;,&quot;pause_on_hover&quot;:&quot;yes&quot;,&quot;autoplay&quot;:&quot;yes&quot;,&quot;autoplay_speed&quot;:5000,&quot;infinite&quot;:&quot;yes&quot;,&quot;speed&quot;:500,&quot;direction&quot;:&quot;ltr&quot;}\" data-element_type=\"image-carousel.default\">\n\t\t\t\t<div class=\"elementor-widget-container\">\n\t\t\t\t\t<div class=\"elementor-image-carousel-wrapper elementor-slick-slider\" dir=\"ltr\">\n\t\t\t<div class=\"elementor-image-carousel slick-arrows-inside slick-dots-outside\">\n\t\t\t\t<div class=\"slick-slide\"><figure class=\"slick-slide-inner\"><img class=\"slick-slide-image\" src=\"https:\/\/rrgconsultores.com.br\/wp-content\/uploads\/2018\/09\/LUCRO-300x191.jpg\" alt=\"LUCRO\" \/><\/figure><\/div><div class=\"slick-slide\"><figure class=\"slick-slide-inner\"><img class=\"slick-slide-image\" src=\"https:\/\/rrgconsultores.com.br\/wp-content\/uploads\/2018\/09\/LUCRO-2-300x168.jpg\" alt=\"LUCRO 2\" \/><\/figure><\/div><div class=\"slick-slide\"><figure class=\"slick-slide-inner\"><img class=\"slick-slide-image\" src=\"https:\/\/rrgconsultores.com.br\/wp-content\/uploads\/2018\/09\/LUCRO-3-300x144.jpg\" alt=\"LUCRO 3\" \/><\/figure><\/div>\t\t\t<\/div>\n\t\t<\/div>\n\t\t\t\t<\/div>\n\t\t\t\t<\/div>\n\t\t\t\t<div data-id=\"7bfd218\" class=\"elementor-element elementor-element-7bfd218 elementor-widget elementor-widget-text-editor\" data-element_type=\"text-editor.default\">\n\t\t\t\t<div class=\"elementor-widget-container\">\n\t\t\t\t\t<div class=\"elementor-text-editor elementor-clearfix\"><blockquote><p>LUCRO, RENDA, CRESCIMENTO, PROVENTO, DIVIDENDO<\/p><\/blockquote><\/div>\n\t\t\t\t<\/div>\n\t\t\t\t<\/div>\n\t\t\t\t\t\t<\/div>\n\t\t\t<\/div>\n\t\t<\/div>\n\t\t\t\t\t\t<\/div>\n\t\t\t<\/div>\n\t\t<\/section>\n\t\t\t\t<section data-id=\"bb08fc0\" class=\"elementor-element elementor-element-bb08fc0 elementor-section-boxed elementor-section-height-default elementor-section-height-default elementor-section elementor-top-section\" data-element_type=\"section\">\n\t\t\t\t\t\t<div class=\"elementor-container elementor-column-gap-default\">\n\t\t\t\t<div class=\"elementor-row\">\n\t\t\t\t<div data-id=\"8cc90ad\" class=\"elementor-element elementor-element-8cc90ad elementor-column elementor-col-100 elementor-top-column\" data-element_type=\"column\">\n\t\t\t<div class=\"elementor-column-wrap elementor-element-populated\">\n\t\t\t\t\t<div class=\"elementor-widget-wrap\">\n\t\t\t\t<div data-id=\"709620b\" class=\"elementor-element elementor-element-709620b elementor-widget elementor-widget-divider\" data-element_type=\"divider.default\">\n\t\t\t\t<div class=\"elementor-widget-container\">\n\t\t\t\t\t<div class=\"elementor-divider\">\n\t\t\t<span class=\"elementor-divider-separator\"><\/span>\n\t\t<\/div>\n\t\t\t\t<\/div>\n\t\t\t\t<\/div>\n\t\t\t\t\t\t<\/div>\n\t\t\t<\/div>\n\t\t<\/div>\n\t\t\t\t\t\t<\/div>\n\t\t\t<\/div>\n\t\t<\/section>\n\t\t\t\t<section data-id=\"8ba96f5\" class=\"elementor-element elementor-element-8ba96f5 elementor-section-boxed elementor-section-height-default elementor-section-height-default elementor-section elementor-top-section\" data-element_type=\"section\">\n\t\t\t\t\t\t<div class=\"elementor-container elementor-column-gap-default\">\n\t\t\t\t<div class=\"elementor-row\">\n\t\t\t\t<div data-id=\"df917f6\" class=\"elementor-element elementor-element-df917f6 elementor-column elementor-col-100 elementor-top-column\" data-element_type=\"column\">\n\t\t\t<div class=\"elementor-column-wrap elementor-element-populated\">\n\t\t\t\t\t<div class=\"elementor-widget-wrap\">\n\t\t\t\t<div data-id=\"029de19\" class=\"elementor-element elementor-element-029de19 elementor-widget elementor-widget-heading\" data-element_type=\"heading.default\">\n\t\t\t\t<div class=\"elementor-widget-container\">\n\t\t\t<h3 class=\"elementor-heading-title elementor-size-default\">ESTOU OBTENDO O RESULTADO DO NEG\u00d3CIO?<br><\/h3>\t\t<\/div>\n\t\t\t\t<\/div>\n\t\t\t\t\t\t<\/div>\n\t\t\t<\/div>\n\t\t<\/div>\n\t\t\t\t\t\t<\/div>\n\t\t\t<\/div>\n\t\t<\/section>\n\t\t\t\t<section data-id=\"ff481a3\" class=\"elementor-element elementor-element-ff481a3 elementor-section-boxed elementor-section-height-default elementor-section-height-default elementor-section elementor-top-section\" data-element_type=\"section\">\n\t\t\t\t\t\t<div class=\"elementor-container elementor-column-gap-default\">\n\t\t\t\t<div class=\"elementor-row\">\n\t\t\t\t<div data-id=\"c24c1e7\" class=\"elementor-element elementor-element-c24c1e7 elementor-column elementor-col-100 elementor-top-column\" data-element_type=\"column\">\n\t\t\t<div class=\"elementor-column-wrap elementor-element-populated\">\n\t\t\t\t\t<div class=\"elementor-widget-wrap\">\n\t\t\t\t<div data-id=\"829c877\" class=\"elementor-element elementor-element-829c877 elementor-widget elementor-widget-image\" data-element_type=\"image.default\">\n\t\t\t\t<div class=\"elementor-widget-container\">\n\t\t\t\t\t<div class=\"elementor-image\">\n\t\t\t\t\t\t\t\t\t\t<img width=\"768\" height=\"541\" src=\"https:\/\/rrgconsultores.com.br\/wp-content\/uploads\/2018\/09\/crise-768x541.jpg\" class=\"attachment-medium_large size-medium_large\" alt=\"\" loading=\"lazy\" srcset=\"https:\/\/rrgconsultores.com.br\/wp-content\/uploads\/2018\/09\/crise-768x541.jpg 768w, https:\/\/rrgconsultores.com.br\/wp-content\/uploads\/2018\/09\/crise-300x212.jpg 300w, https:\/\/rrgconsultores.com.br\/wp-content\/uploads\/2018\/09\/crise-1024x722.jpg 1024w, https:\/\/rrgconsultores.com.br\/wp-content\/uploads\/2018\/09\/crise.jpg 2000w\" sizes=\"(max-width: 768px) 100vw, 768px\" \/>\t\t\t\t\t\t\t\t\t\t\t<\/div>\n\t\t\t\t<\/div>\n\t\t\t\t<\/div>\n\t\t\t\t\t\t<\/div>\n\t\t\t<\/div>\n\t\t<\/div>\n\t\t\t\t\t\t<\/div>\n\t\t\t<\/div>\n\t\t<\/section>\n\t\t\t\t<section data-id=\"f7cd8ef\" class=\"elementor-element elementor-element-f7cd8ef elementor-section-boxed elementor-section-height-default elementor-section-height-default elementor-section elementor-top-section\" data-element_type=\"section\">\n\t\t\t\t\t\t<div class=\"elementor-container elementor-column-gap-default\">\n\t\t\t\t<div class=\"elementor-row\">\n\t\t\t\t<div data-id=\"81c6a28\" class=\"elementor-element elementor-element-81c6a28 elementor-column elementor-col-100 elementor-top-column\" data-element_type=\"column\">\n\t\t\t<div class=\"elementor-column-wrap elementor-element-populated\">\n\t\t\t\t\t<div class=\"elementor-widget-wrap\">\n\t\t\t\t<div data-id=\"a83cbbc\" class=\"elementor-element elementor-element-a83cbbc elementor-widget elementor-widget-divider\" data-element_type=\"divider.default\">\n\t\t\t\t<div class=\"elementor-widget-container\">\n\t\t\t\t\t<div class=\"elementor-divider\">\n\t\t\t<span class=\"elementor-divider-separator\"><\/span>\n\t\t<\/div>\n\t\t\t\t<\/div>\n\t\t\t\t<\/div>\n\t\t\t\t\t\t<\/div>\n\t\t\t<\/div>\n\t\t<\/div>\n\t\t\t\t\t\t<\/div>\n\t\t\t<\/div>\n\t\t<\/section>\n\t\t\t\t<section data-id=\"e28d90f\" class=\"elementor-element elementor-element-e28d90f elementor-section-boxed elementor-section-height-default elementor-section-height-default elementor-section elementor-top-section\" data-element_type=\"section\">\n\t\t\t\t\t\t<div class=\"elementor-container elementor-column-gap-default\">\n\t\t\t\t<div class=\"elementor-row\">\n\t\t\t\t<div data-id=\"ec2c37e\" class=\"elementor-element elementor-element-ec2c37e elementor-column elementor-col-100 elementor-top-column\" data-element_type=\"column\">\n\t\t\t<div class=\"elementor-column-wrap elementor-element-populated\">\n\t\t\t\t\t<div class=\"elementor-widget-wrap\">\n\t\t\t\t<div data-id=\"be97bb5\" class=\"elementor-element elementor-element-be97bb5 elementor-widget elementor-widget-heading\" data-element_type=\"heading.default\">\n\t\t\t\t<div class=\"elementor-widget-container\">\n\t\t\t<h3 class=\"elementor-heading-title elementor-size-default\">COMO PODEREMOS TER O CONTROLE ADEQUADOS DO NEG\u00d3CIO?\n<\/h3>\t\t<\/div>\n\t\t\t\t<\/div>\n\t\t\t\t\t\t<\/div>\n\t\t\t<\/div>\n\t\t<\/div>\n\t\t\t\t\t\t<\/div>\n\t\t\t<\/div>\n\t\t<\/section>\n\t\t\t\t<section data-id=\"012d209\" class=\"elementor-element elementor-element-012d209 elementor-section-boxed elementor-section-height-default elementor-section-height-default elementor-section elementor-top-section\" data-element_type=\"section\">\n\t\t\t\t\t\t<div class=\"elementor-container elementor-column-gap-default\">\n\t\t\t\t<div class=\"elementor-row\">\n\t\t\t\t<div data-id=\"99a4cba\" class=\"elementor-element elementor-element-99a4cba elementor-column elementor-col-100 elementor-top-column\" data-element_type=\"column\">\n\t\t\t<div class=\"elementor-column-wrap elementor-element-populated\">\n\t\t\t\t\t<div class=\"elementor-widget-wrap\">\n\t\t\t\t<div data-id=\"99f2e05\" class=\"elementor-element elementor-element-99f2e05 elementor-widget elementor-widget-image\" data-element_type=\"image.default\">\n\t\t\t\t<div class=\"elementor-widget-container\">\n\t\t\t\t\t<div class=\"elementor-image\">\n\t\t\t\t\t\t\t<figure class=\"wp-caption\">\n\t\t\t\t\t\t\t\t\t\t\t<a href=\"https:\/\/rrgconsultores.com.br\/wp-content\/uploads\/2018\/09\/CICLO.jpg\" data-elementor-open-lightbox=\"default\">\n\t\t\t\t\t\t\t<img width=\"1024\" height=\"576\" src=\"https:\/\/rrgconsultores.com.br\/wp-content\/uploads\/2018\/09\/CICLO-1024x576.jpg\" class=\"attachment-large size-large\" alt=\"\" loading=\"lazy\" srcset=\"https:\/\/rrgconsultores.com.br\/wp-content\/uploads\/2018\/09\/CICLO-1024x576.jpg 1024w, https:\/\/rrgconsultores.com.br\/wp-content\/uploads\/2018\/09\/CICLO-300x169.jpg 300w, https:\/\/rrgconsultores.com.br\/wp-content\/uploads\/2018\/09\/CICLO-768x432.jpg 768w, https:\/\/rrgconsultores.com.br\/wp-content\/uploads\/2018\/09\/CICLO.jpg 1280w\" sizes=\"(max-width: 1024px) 100vw, 1024px\" \/>\t\t\t\t\t\t\t\t<\/a>\n\t\t\t\t\t\t\t\t\t\t\t<figcaption class=\"widget-image-caption wp-caption-text\">CICLO DE AQUISI\u00c7\u00c3O DE SABEDORIA<\/figcaption>\n\t\t\t\t\t\t\t\t\t\t<\/figure>\n\t\t\t\t\t<\/div>\n\t\t\t\t<\/div>\n\t\t\t\t<\/div>\n\t\t\t\t<div data-id=\"008faeb\" class=\"elementor-element elementor-element-008faeb elementor-widget elementor-widget-text-editor\" data-element_type=\"text-editor.default\">\n\t\t\t\t<div class=\"elementor-widget-container\">\n\t\t\t\t\t<div class=\"elementor-text-editor elementor-clearfix\"><p>A RRG prop\u00f5e implantar sistema de controle dos <b>dados<\/b> transformando-os em <b>informa\u00e7\u00f5es<\/b> importantes para a <b>Gest\u00e3o do Neg\u00f3cio <\/b>permitindo gerir de forma adequado os seguintes aspectos da organiza\u00e7\u00e3o:<\/p><ol><li><b>Budget<\/b><\/li><li><b>Controle de contas<\/b><\/li><li><b>Fluxo de caixa<\/b><\/li><li><b>Defini\u00e7\u00e3o do custo operacional <\/b><\/li><li><b>Precifica\u00e7\u00e3o do produto<\/b><\/li><li><b>Ponto de equil\u00edbrio financeiro<\/b><\/li><\/ol><\/div>\n\t\t\t\t<\/div>\n\t\t\t\t<\/div>\n\t\t\t\t\t\t<\/div>\n\t\t\t<\/div>\n\t\t<\/div>\n\t\t\t\t\t\t<\/div>\n\t\t\t<\/div>\n\t\t<\/section>\n\t\t\t\t<section data-id=\"903de91\" class=\"elementor-element elementor-element-903de91 elementor-section-boxed elementor-section-height-default elementor-section-height-default elementor-section elementor-top-section\" data-element_type=\"section\">\n\t\t\t\t\t\t<div class=\"elementor-container elementor-column-gap-default\">\n\t\t\t\t<div class=\"elementor-row\">\n\t\t\t\t<div data-id=\"4edc028\" class=\"elementor-element elementor-element-4edc028 elementor-column elementor-col-100 elementor-top-column\" data-element_type=\"column\">\n\t\t\t<div class=\"elementor-column-wrap elementor-element-populated\">\n\t\t\t\t\t<div class=\"elementor-widget-wrap\">\n\t\t\t\t<div data-id=\"4378db2\" class=\"elementor-element elementor-element-4378db2 elementor-widget elementor-widget-heading\" data-element_type=\"heading.default\">\n\t\t\t\t<div class=\"elementor-widget-container\">\n\t\t\t\t\t<\/div>\n\t\t\t\t<\/div>\n\t\t\t\t\t\t<\/div>\n\t\t\t<\/div>\n\t\t<\/div>\n\t\t\t\t\t\t<\/div>\n\t\t\t<\/div>\n\t\t<\/section>\n\t\t\t\t<section data-id=\"858fcaf\" class=\"elementor-element elementor-element-858fcaf elementor-section-boxed elementor-section-height-default elementor-section-height-default elementor-section elementor-top-section\" data-element_type=\"section\">\n\t\t\t\t\t\t<div class=\"elementor-container elementor-column-gap-default\">\n\t\t\t\t<div class=\"elementor-row\">\n\t\t\t\t<div data-id=\"d506872\" class=\"elementor-element elementor-element-d506872 elementor-column elementor-col-100 elementor-top-column\" data-element_type=\"column\">\n\t\t\t<div class=\"elementor-column-wrap elementor-element-populated\">\n\t\t\t\t\t<div class=\"elementor-widget-wrap\">\n\t\t\t\t<div data-id=\"45f3b9f\" class=\"elementor-element elementor-element-45f3b9f elementor-widget elementor-widget-image\" data-element_type=\"image.default\">\n\t\t\t\t<div class=\"elementor-widget-container\">\n\t\t\t\t\t<div class=\"elementor-image\">\n\t\t\t\t\t\t\t<figure class=\"wp-caption\">\n\t\t\t\t\t\t\t\t\t\t\t<a href=\"https:\/\/rrgconsultores.com.br\/wp-content\/uploads\/2018\/09\/PIR\u00c2MIDE-CONHECIMENTO.png\" data-elementor-open-lightbox=\"default\">\n\t\t\t\t\t\t\t<img width=\"1024\" height=\"576\" src=\"https:\/\/rrgconsultores.com.br\/wp-content\/uploads\/2018\/09\/PIR\u00c2MIDE-CONHECIMENTO-1024x576.png\" class=\"attachment-large size-large\" alt=\"\" loading=\"lazy\" srcset=\"https:\/\/rrgconsultores.com.br\/wp-content\/uploads\/2018\/09\/PIR\u00c2MIDE-CONHECIMENTO-1024x576.png 1024w, https:\/\/rrgconsultores.com.br\/wp-content\/uploads\/2018\/09\/PIR\u00c2MIDE-CONHECIMENTO-300x169.png 300w, https:\/\/rrgconsultores.com.br\/wp-content\/uploads\/2018\/09\/PIR\u00c2MIDE-CONHECIMENTO-768x432.png 768w, https:\/\/rrgconsultores.com.br\/wp-content\/uploads\/2018\/09\/PIR\u00c2MIDE-CONHECIMENTO.png 1280w\" sizes=\"(max-width: 1024px) 100vw, 1024px\" \/>\t\t\t\t\t\t\t\t<\/a>\n\t\t\t\t\t\t\t\t\t\t\t<figcaption class=\"widget-image-caption wp-caption-text\">BUSCANDO A SABEDORIA<\/figcaption>\n\t\t\t\t\t\t\t\t\t\t<\/figure>\n\t\t\t\t\t<\/div>\n\t\t\t\t<\/div>\n\t\t\t\t<\/div>\n\t\t\t\t\t\t<\/div>\n\t\t\t<\/div>\n\t\t<\/div>\n\t\t\t\t\t\t<\/div>\n\t\t\t<\/div>\n\t\t<\/section>\n\t\t\t\t\t\t<\/div>\n\t\t\t<\/div>\n\t\t<\/div>\n\t\t","protected":false},"excerpt":{"rendered":"<p>QUAIS RESULTADOS ESPERAMOS DO NEGOCIO? LUCRO, RENDA, CRESCIMENTO, PROVENTO, DIVIDENDO ESTOU OBTENDO O RESULTADO DO NEG\u00d3CIO? COMO PODEREMOS TER O CONTROLE ADEQUADOS DO NEG\u00d3CIO? CICLO DE AQUISI\u00c7\u00c3O DE SABEDORIA A RRG prop\u00f5e implantar sistema de controle dos dados transformando-os em informa\u00e7\u00f5es importantes para a Gest\u00e3o do Neg\u00f3cio permitindo gerir de forma adequado os seguintes aspectos [&hellip;]<\/p>\n","protected":false},"author":1,"featured_media":0,"parent":2,"menu_order":0,"comment_status":"closed","ping_status":"closed","template":"","meta":[],"_links":{"self":[{"href":"https:\/\/rrgconsultores.com.br\/index.php\/wp-json\/wp\/v2\/pages\/187"}],"collection":[{"href":"https:\/\/rrgconsultores.com.br\/index.php\/wp-json\/wp\/v2\/pages"}],"about":[{"href":"https:\/\/rrgconsultores.com.br\/index.php\/wp-json\/wp\/v2\/types\/page"}],"author":[{"embeddable":true,"href":"https:\/\/rrgconsultores.com.br\/index.php\/wp-json\/wp\/v2\/users\/1"}],"replies":[{"embeddable":true,"href":"https:\/\/rrgconsultores.com.br\/index.php\/wp-json\/wp\/v2\/comments?post=187"}],"version-history":[{"count":6,"href":"https:\/\/rrgconsultores.com.br\/index.php\/wp-json\/wp\/v2\/pages\/187\/revisions"}],"predecessor-version":[{"id":208,"href":"https:\/\/rrgconsultores.com.br\/index.php\/wp-json\/wp\/v2\/pages\/187\/revisions\/208"}],"up":[{"embeddable":true,"href":"https:\/\/rrgconsultores.com.br\/index.php\/wp-json\/wp\/v2\/pages\/2"}],"wp:attachment":[{"href":"https:\/\/rrgconsultores.com.br\/index.php\/wp-json\/wp\/v2\/media?parent=187"}],"curies":[{"name":"wp","href":"https:\/\/api.w.org\/{rel}","templated":true}]}}